{"id":1018,"date":"2025-01-20T23:35:52","date_gmt":"2025-01-20T23:35:52","guid":{"rendered":"https:\/\/bairesone.com\/sitioweb\/?page_id=1018"},"modified":"2025-01-21T00:19:40","modified_gmt":"2025-01-21T00:19:40","slug":"viamonte-point","status":"publish","type":"page","link":"https:\/\/bairesone.com\/sitioweb\/viamonte-point\/","title":{"rendered":"VIAMONTE POINT"},"content":{"rendered":"\t\t<div data-elementor-type=\"wp-page\" data-elementor-id=\"1018\" class=\"elementor elementor-1018\">\n\t\t\t\t<div class=\"elementor-element elementor-element-fc30f9a e-flex e-con-boxed e-con e-parent\" data-id=\"fc30f9a\" data-element_type=\"container\" data-e-type=\"container\">\n\t\t\t\t\t<div class=\"e-con-inner\">\n\t\t\t\t<div class=\"elementor-element elementor-element-17f68d5 elementor-widget elementor-widget-image\" data-id=\"17f68d5\" data-element_type=\"widget\" data-e-type=\"widget\" data-widget_type=\"image.default\">\n\t\t\t\t<div class=\"elementor-widget-container\">\n\t\t\t\t\t\t\t\t\t\t\t\t\t\t\t<img fetchpriority=\"high\" decoding=\"async\" width=\"786\" height=\"1024\" src=\"https:\/\/bairesone.com\/sitioweb\/wp-content\/uploads\/2025\/01\/ViamontePoint_Vertical_page-0003-786x1024.jpg\" class=\"attachment-large size-large wp-image-1022\" alt=\"\" srcset=\"https:\/\/bairesone.com\/sitioweb\/wp-content\/uploads\/2025\/01\/ViamontePoint_Vertical_page-0003-786x1024.jpg 786w, https:\/\/bairesone.com\/sitioweb\/wp-content\/uploads\/2025\/01\/ViamontePoint_Vertical_page-0003-230x300.jpg 230w, https:\/\/bairesone.com\/sitioweb\/wp-content\/uploads\/2025\/01\/ViamontePoint_Vertical_page-0003-768x1000.jpg 768w, https:\/\/bairesone.com\/sitioweb\/wp-content\/uploads\/2025\/01\/ViamontePoint_Vertical_page-0003-1179x1536.jpg 1179w, https:\/\/bairesone.com\/sitioweb\/wp-content\/uploads\/2025\/01\/ViamontePoint_Vertical_page-0003-1572x2048.jpg 1572w, https:\/\/bairesone.com\/sitioweb\/wp-content\/uploads\/2025\/01\/ViamontePoint_Vertical_page-0003.jpg 1600w\" sizes=\"(max-width: 786px) 100vw, 786px\" \/>\t\t\t\t\t\t\t\t\t\t\t\t\t\t\t<\/div>\n\t\t\t\t<\/div>\n\t\t<div class=\"elementor-element elementor-element-397ef91 e-con-full e-flex e-con e-child\" data-id=\"397ef91\" data-element_type=\"container\" data-e-type=\"container\">\n\t\t<div class=\"elementor-element elementor-element-e5794fb e-con-full e-flex e-con e-child\" data-id=\"e5794fb\" data-element_type=\"container\" data-e-type=\"container\">\n\t\t\t\t<div class=\"elementor-element elementor-element-f40df8b elementor-widget elementor-widget-text-editor\" data-id=\"f40df8b\" data-element_type=\"widget\" data-e-type=\"widget\" data-widget_type=\"text-editor.default\">\n\t\t\t\t<div class=\"elementor-widget-container\">\n\t\t\t\t\t\t\t\t\t<p><b>Viamonte Point <\/b>es un edificio vanguardista ubicado en Barrio Norte, en la intersecci\u00f3n de Viamonte y Rodr\u00edguez Pe\u00f1a. Su fachada combina cristales espejados y revoques texturados, ofreciendo unidades c\u00f3modas y funcionales dise\u00f1adas para vivir y trabajar. <\/p>\n<p>Las unidades cuentan con ventilaci\u00f3n natural, cocinas equipadas, ba\u00f1os completos y balcones con preinstalaci\u00f3n para aire acondicionado. Entre las comodidades se incluyen terraza con piscina, sol\u00e1rium, parrilla, laundry y bicicletero.<\/p>\t\t\t\t\t\t\t\t<\/div>\n\t\t\t\t<\/div>\n\t\t\t\t<div class=\"elementor-element elementor-element-c93c592 elementor-align-center elementor-widget elementor-widget-button\" data-id=\"c93c592\" data-element_type=\"widget\" data-e-type=\"widget\" data-widget_type=\"button.default\">\n\t\t\t\t<div class=\"elementor-widget-container\">\n\t\t\t\t\t\t\t\t\t<div class=\"elementor-button-wrapper\">\n\t\t\t\t\t<a class=\"elementor-button elementor-button-link elementor-size-sm\" href=\"https:\/\/bairesone.com\/sitioweb\/contacto\/\">\n\t\t\t\t\t\t<span class=\"elementor-button-content-wrapper\">\n\t\t\t\t\t\t\t\t\t<span class=\"elementor-button-text\">CONSULTA HACIENDO CLICK AQUI<\/span>\n\t\t\t\t\t<\/span>\n\t\t\t\t\t<\/a>\n\t\t\t\t<\/div>\n\t\t\t\t\t\t\t\t<\/div>\n\t\t\t\t<\/div>\n\t\t\t\t<\/div>\n\t\t<div class=\"elementor-element elementor-element-6bd816e e-con-full e-flex e-con e-child\" data-id=\"6bd816e\" data-element_type=\"container\" data-e-type=\"container\">\n\t\t\t\t<div class=\"elementor-element elementor-element-9c09ea8 elementor-widget elementor-widget-heading\" data-id=\"9c09ea8\" data-element_type=\"widget\" data-e-type=\"widget\" data-widget_type=\"heading.default\">\n\t\t\t\t<div class=\"elementor-widget-container\">\n\t\t\t\t\t<h2 class=\"elementor-heading-title elementor-size-default\">Descargar Documentaci\u00f3n<\/h2>\t\t\t\t<\/div>\n\t\t\t\t<\/div>\n\t\t<div class=\"elementor-element elementor-element-18e0cd4 e-con-full e-flex e-con e-child\" data-id=\"18e0cd4\" data-element_type=\"container\" data-e-type=\"container\">\n\t\t\t\t<div class=\"elementor-element elementor-element-a4721e1 elementor-widget elementor-widget-image\" data-id=\"a4721e1\" data-element_type=\"widget\" data-e-type=\"widget\" data-widget_type=\"image.default\">\n\t\t\t\t<div class=\"elementor-widget-container\">\n\t\t\t\t\t\t\t\t\t\t\t\t\t\t\t\t<a href=\"https:\/\/bairesone.com\/sitioweb\/wp-content\/uploads\/2025\/01\/ViamontePoint_Vertical.pdf\" target=\"_blank\">\n\t\t\t\t\t\t\t<img decoding=\"async\" width=\"150\" height=\"150\" src=\"https:\/\/bairesone.com\/sitioweb\/wp-content\/uploads\/2025\/01\/ViamontePoint_Vertical_page-0001-150x150.jpg\" class=\"attachment-thumbnail size-thumbnail wp-image-1041\" alt=\"\" \/>\t\t\t\t\t\t\t\t<\/a>\n\t\t\t\t\t\t\t\t\t\t\t\t\t\t\t<\/div>\n\t\t\t\t<\/div>\n\t\t\t\t<\/div>\n\t\t\t\t<\/div>\n\t\t\t\t<\/div>\n\t\t\t\t\t<\/div>\n\t\t\t\t<\/div>\n\t\t<div class=\"elementor-element elementor-element-d2634cb e-flex e-con-boxed e-con e-parent\" data-id=\"d2634cb\" data-element_type=\"container\" data-e-type=\"container\">\n\t\t\t\t\t<div class=\"e-con-inner\">\n\t\t<div class=\"elementor-element elementor-element-c349a1c e-con-full e-flex e-con e-child\" data-id=\"c349a1c\" data-element_type=\"container\" data-e-type=\"container\">\n\t\t<div class=\"elementor-element elementor-element-7148273 e-con-full e-flex e-con e-child\" data-id=\"7148273\" data-element_type=\"container\" data-e-type=\"container\">\n\t\t\t\t<div class=\"elementor-element elementor-element-474f47f elementor-arrows-position-inside elementor-pagination-position-outside elementor-widget elementor-widget-image-carousel\" data-id=\"474f47f\" data-element_type=\"widget\" data-e-type=\"widget\" data-settings=\"{&quot;slides_to_show&quot;:&quot;3&quot;,&quot;slides_to_scroll&quot;:&quot;2&quot;,&quot;navigation&quot;:&quot;both&quot;,&quot;autoplay&quot;:&quot;yes&quot;,&quot;pause_on_hover&quot;:&quot;yes&quot;,&quot;pause_on_interaction&quot;:&quot;yes&quot;,&quot;autoplay_speed&quot;:5000,&quot;infinite&quot;:&quot;yes&quot;,&quot;speed&quot;:500,&quot;image_spacing_custom&quot;:{&quot;unit&quot;:&quot;px&quot;,&quot;size&quot;:20,&quot;sizes&quot;:[]},&quot;image_spacing_custom_tablet&quot;:{&quot;unit&quot;:&quot;px&quot;,&quot;size&quot;:&quot;&quot;,&quot;sizes&quot;:[]},&quot;image_spacing_custom_mobile&quot;:{&quot;unit&quot;:&quot;px&quot;,&quot;size&quot;:&quot;&quot;,&quot;sizes&quot;:[]}}\" data-widget_type=\"image-carousel.default\">\n\t\t\t\t<div class=\"elementor-widget-container\">\n\t\t\t\t\t\t\t<div class=\"elementor-image-carousel-wrapper swiper\" role=\"region\" aria-roledescription=\"carousel\" aria-label=\"Carrusel de im\u00e1genes\" dir=\"ltr\">\n\t\t\t<div class=\"elementor-image-carousel swiper-wrapper swiper-image-stretch\" aria-live=\"off\">\n\t\t\t\t\t\t\t\t<div class=\"swiper-slide\" role=\"group\" aria-roledescription=\"slide\" aria-label=\"1 de 4\"><a data-elementor-open-lightbox=\"yes\" data-elementor-lightbox-slideshow=\"474f47f\" data-elementor-lightbox-title=\"ViamontePoint_Vertical_page-0009\" data-e-action-hash=\"#elementor-action%3Aaction%3Dlightbox%26settings%3DeyJpZCI6MTAzNCwidXJsIjoiaHR0cHM6XC9cL2JhaXJlc29uZS5jb21cL3NpdGlvd2ViXC93cC1jb250ZW50XC91cGxvYWRzXC8yMDI1XC8wMVwvVmlhbW9udGVQb2ludF9WZXJ0aWNhbF9wYWdlLTAwMDktMS5qcGciLCJzbGlkZXNob3ciOiI0NzRmNDdmIn0%3D\" href=\"https:\/\/bairesone.com\/sitioweb\/wp-content\/uploads\/2025\/01\/ViamontePoint_Vertical_page-0009-1.jpg\"><figure class=\"swiper-slide-inner\"><img decoding=\"async\" class=\"swiper-slide-image\" src=\"https:\/\/bairesone.com\/sitioweb\/wp-content\/uploads\/2025\/01\/ViamontePoint_Vertical_page-0009-1-768x1000.jpg\" alt=\"ViamontePoint_Vertical_page-0009\" \/><\/figure><\/a><\/div><div class=\"swiper-slide\" role=\"group\" aria-roledescription=\"slide\" aria-label=\"2 de 4\"><a data-elementor-open-lightbox=\"yes\" data-elementor-lightbox-slideshow=\"474f47f\" data-elementor-lightbox-title=\"ViamontePoint_Vertical_page-0006\" data-e-action-hash=\"#elementor-action%3Aaction%3Dlightbox%26settings%3DeyJpZCI6MTAzNSwidXJsIjoiaHR0cHM6XC9cL2JhaXJlc29uZS5jb21cL3NpdGlvd2ViXC93cC1jb250ZW50XC91cGxvYWRzXC8yMDI1XC8wMVwvVmlhbW9udGVQb2ludF9WZXJ0aWNhbF9wYWdlLTAwMDYtMS5qcGciLCJzbGlkZXNob3ciOiI0NzRmNDdmIn0%3D\" href=\"https:\/\/bairesone.com\/sitioweb\/wp-content\/uploads\/2025\/01\/ViamontePoint_Vertical_page-0006-1.jpg\"><figure class=\"swiper-slide-inner\"><img decoding=\"async\" class=\"swiper-slide-image\" src=\"https:\/\/bairesone.com\/sitioweb\/wp-content\/uploads\/2025\/01\/ViamontePoint_Vertical_page-0006-1-768x1000.jpg\" alt=\"ViamontePoint_Vertical_page-0006\" \/><\/figure><\/a><\/div><div class=\"swiper-slide\" role=\"group\" aria-roledescription=\"slide\" aria-label=\"3 de 4\"><a data-elementor-open-lightbox=\"yes\" data-elementor-lightbox-slideshow=\"474f47f\" data-elementor-lightbox-title=\"ViamontePoint_Vertical_page-0007\" data-e-action-hash=\"#elementor-action%3Aaction%3Dlightbox%26settings%3DeyJpZCI6MTAzNiwidXJsIjoiaHR0cHM6XC9cL2JhaXJlc29uZS5jb21cL3NpdGlvd2ViXC93cC1jb250ZW50XC91cGxvYWRzXC8yMDI1XC8wMVwvVmlhbW9udGVQb2ludF9WZXJ0aWNhbF9wYWdlLTAwMDctMS5qcGciLCJzbGlkZXNob3ciOiI0NzRmNDdmIn0%3D\" href=\"https:\/\/bairesone.com\/sitioweb\/wp-content\/uploads\/2025\/01\/ViamontePoint_Vertical_page-0007-1.jpg\"><figure class=\"swiper-slide-inner\"><img decoding=\"async\" class=\"swiper-slide-image\" src=\"https:\/\/bairesone.com\/sitioweb\/wp-content\/uploads\/2025\/01\/ViamontePoint_Vertical_page-0007-1-768x1000.jpg\" alt=\"ViamontePoint_Vertical_page-0007\" \/><\/figure><\/a><\/div><div class=\"swiper-slide\" role=\"group\" aria-roledescription=\"slide\" aria-label=\"4 de 4\"><a data-elementor-open-lightbox=\"yes\" data-elementor-lightbox-slideshow=\"474f47f\" data-elementor-lightbox-title=\"ViamontePoint_Vertical_page-0008\" data-e-action-hash=\"#elementor-action%3Aaction%3Dlightbox%26settings%3DeyJpZCI6MTAzNywidXJsIjoiaHR0cHM6XC9cL2JhaXJlc29uZS5jb21cL3NpdGlvd2ViXC93cC1jb250ZW50XC91cGxvYWRzXC8yMDI1XC8wMVwvVmlhbW9udGVQb2ludF9WZXJ0aWNhbF9wYWdlLTAwMDgtMS5qcGciLCJzbGlkZXNob3ciOiI0NzRmNDdmIn0%3D\" href=\"https:\/\/bairesone.com\/sitioweb\/wp-content\/uploads\/2025\/01\/ViamontePoint_Vertical_page-0008-1.jpg\"><figure class=\"swiper-slide-inner\"><img decoding=\"async\" class=\"swiper-slide-image\" src=\"https:\/\/bairesone.com\/sitioweb\/wp-content\/uploads\/2025\/01\/ViamontePoint_Vertical_page-0008-1-768x1000.jpg\" alt=\"ViamontePoint_Vertical_page-0008\" \/><\/figure><\/a><\/div>\t\t\t<\/div>\n\t\t\t\t\t\t\t\t\t\t\t\t<div class=\"elementor-swiper-button elementor-swiper-button-prev\" role=\"button\" tabindex=\"0\">\n\t\t\t\t\t\t<svg aria-hidden=\"true\" class=\"e-font-icon-svg e-eicon-chevron-left\" viewBox=\"0 0 1000 1000\" xmlns=\"http:\/\/www.w3.org\/2000\/svg\"><path d=\"M646 125C629 125 613 133 604 142L308 442C296 454 292 471 292 487 292 504 296 521 308 533L604 854C617 867 629 875 646 875 663 875 679 871 692 858 704 846 713 829 713 812 713 796 708 779 692 767L438 487 692 225C700 217 708 204 708 187 708 171 704 154 692 142 675 129 663 125 646 125Z\"><\/path><\/svg>\t\t\t\t\t<\/div>\n\t\t\t\t\t<div class=\"elementor-swiper-button elementor-swiper-button-next\" role=\"button\" tabindex=\"0\">\n\t\t\t\t\t\t<svg aria-hidden=\"true\" class=\"e-font-icon-svg e-eicon-chevron-right\" viewBox=\"0 0 1000 1000\" xmlns=\"http:\/\/www.w3.org\/2000\/svg\"><path d=\"M696 533C708 521 713 504 713 487 713 471 708 454 696 446L400 146C388 133 375 125 354 125 338 125 325 129 313 142 300 154 292 171 292 187 292 204 296 221 308 233L563 492 304 771C292 783 288 800 288 817 288 833 296 850 308 863 321 871 338 875 354 875 371 875 388 867 400 854L696 533Z\"><\/path><\/svg>\t\t\t\t\t<\/div>\n\t\t\t\t\n\t\t\t\t\t\t\t\t\t<div class=\"swiper-pagination\"><\/div>\n\t\t\t\t\t\t\t\t\t<\/div>\n\t\t\t\t\t\t<\/div>\n\t\t\t\t<\/div>\n\t\t\t\t<\/div>\n\t\t\t\t<\/div>\n\t\t\t\t\t<\/div>\n\t\t\t\t<\/div>\n\t\t<div class=\"elementor-element elementor-element-11254ed e-flex e-con-boxed e-con e-parent\" data-id=\"11254ed\" data-element_type=\"container\" data-e-type=\"container\">\n\t\t\t\t\t<div class=\"e-con-inner\">\n\t\t\t\t\t<\/div>\n\t\t\t\t<\/div>\n\t\t\t\t<\/div>\n\t\t","protected":false},"excerpt":{"rendered":"<p>Viamonte Point es un edificio vanguardista ubicado en Barrio Norte, en la intersecci\u00f3n de Viamonte y Rodr\u00edguez Pe\u00f1a. Su fachada [&hellip;]<\/p>\n","protected":false},"author":2,"featured_media":0,"parent":0,"menu_order":0,"comment_status":"closed","ping_status":"closed","template":"","meta":{"_seopress_robots_primary_cat":"","_seopress_titles_title":"","_seopress_titles_desc":"","_seopress_robots_index":"","site-sidebar-layout":"no-sidebar","site-content-layout":"","ast-site-content-layout":"full-width-container","site-content-style":"default","site-sidebar-style":"default","ast-global-header-display":"","ast-banner-title-visibility":"","ast-main-header-display":"","ast-hfb-above-header-display":"","ast-hfb-below-header-display":"","ast-hfb-mobile-header-display":"","site-post-title":"disabled","ast-breadcrumbs-content":"","ast-featured-img":"disabled","footer-sml-layout":"","theme-transparent-header-meta":"","adv-header-id-meta":"","stick-header-meta":"","header-above-stick-meta":"","header-main-stick-meta":"","header-below-stick-meta":"","astra-migrate-meta-layouts":"default","ast-page-background-enabled":"default","ast-page-background-meta":{"desktop":{"background-color":"var(--ast-global-color-4)","background-image":"","background-repeat":"repeat","background-position":"center center","background-size":"auto","background-attachment":"scroll","background-type":"","background-media":"","overlay-type":"","overlay-color":"","overlay-opacity":"","overlay-gradient":""},"tablet":{"background-color":"","background-image":"","background-repeat":"repeat","background-position":"center center","background-size":"auto","background-attachment":"scroll","background-type":"","background-media":"","overlay-type":"","overlay-color":"","overlay-opacity":"","overlay-gradient":""},"mobile":{"background-color":"","background-image":"","background-repeat":"repeat","background-position":"center center","background-size":"auto","background-attachment":"scroll","background-type":"","background-media":"","overlay-type":"","overlay-color":"","overlay-opacity":"","overlay-gradient":""}},"ast-content-background-meta":{"desktop":{"background-color":"var(--ast-global-color-5)","background-image":"","background-repeat":"repeat","background-position":"center center","background-size":"auto","background-attachment":"scroll","background-type":"","background-media":"","overlay-type":"","overlay-color":"","overlay-opacity":"","overlay-gradient":""},"tablet":{"background-color":"var(--ast-global-color-5)","background-image":"","background-repeat":"repeat","background-position":"center center","background-size":"auto","background-attachment":"scroll","background-type":"","background-media":"","overlay-type":"","overlay-color":"","overlay-opacity":"","overlay-gradient":""},"mobile":{"background-color":"var(--ast-global-color-5)","background-image":"","background-repeat":"repeat","background-position":"center center","background-size":"auto","background-attachment":"scroll","background-type":"","background-media":"","overlay-type":"","overlay-color":"","overlay-opacity":"","overlay-gradient":""}},"footnotes":""},"class_list":["post-1018","page","type-page","status-publish","hentry"],"_links":{"self":[{"href":"https:\/\/bairesone.com\/sitioweb\/wp-json\/wp\/v2\/pages\/1018"}],"collection":[{"href":"https:\/\/bairesone.com\/sitioweb\/wp-json\/wp\/v2\/pages"}],"about":[{"href":"https:\/\/bairesone.com\/sitioweb\/wp-json\/wp\/v2\/types\/page"}],"author":[{"embeddable":true,"href":"https:\/\/bairesone.com\/sitioweb\/wp-json\/wp\/v2\/users\/2"}],"replies":[{"embeddable":true,"href":"https:\/\/bairesone.com\/sitioweb\/wp-json\/wp\/v2\/comments?post=1018"}],"version-history":[{"count":13,"href":"https:\/\/bairesone.com\/sitioweb\/wp-json\/wp\/v2\/pages\/1018\/revisions"}],"predecessor-version":[{"id":1048,"href":"https:\/\/bairesone.com\/sitioweb\/wp-json\/wp\/v2\/pages\/1018\/revisions\/1048"}],"wp:attachment":[{"href":"https:\/\/bairesone.com\/sitioweb\/wp-json\/wp\/v2\/media?parent=1018"}],"curies":[{"name":"wp","href":"https:\/\/api.w.org\/{rel}","templated":true}]}}